{"id":126,"date":"2023-07-25T16:11:03","date_gmt":"2023-07-25T16:11:03","guid":{"rendered":"https:\/\/bw-hh.de\/?page_id=126"},"modified":"2023-10-18T09:49:21","modified_gmt":"2023-10-18T09:49:21","slug":"spenden","status":"publish","type":"page","link":"https:\/\/bw-hh.de\/?page_id=126","title":{"rendered":"Spenden"},"content":{"rendered":"<div class=\"fusion-fullwidth fullwidth-box fusion-builder-row-1 fusion-flex-container has-pattern-background has-mask-background nonhundred-percent-fullwidth non-hundred-percent-height-scrolling\" style=\"--awb-border-radius-top-left:0px;--awb-border-radius-top-right:0px;--awb-border-radius-bottom-right:0px;--awb-border-radius-bottom-left:0px;--awb-flex-wrap:wrap;\" ><div class=\"fusion-builder-row fusion-row fusion-flex-align-items-flex-start fusion-flex-content-wrap\" style=\"max-width:1248px;margin-left: calc(-4% \/ 2 );margin-right: calc(-4% \/ 2 );\"><div class=\"fusion-layout-column fusion_builder_column fusion-builder-column-0 fusion_builder_column_1_1 1_1 fusion-flex-column\" style=\"--awb-bg-size:cover;--awb-width-large:100%;--awb-margin-top-large:0px;--awb-spacing-right-large:1.92%;--awb-margin-bottom-large:20px;--awb-spacing-left-large:1.92%;--awb-width-medium:100%;--awb-order-medium:0;--awb-spacing-right-medium:1.92%;--awb-spacing-left-medium:1.92%;--awb-width-small:100%;--awb-order-small:0;--awb-spacing-right-small:1.92%;--awb-spacing-left-small:1.92%;\"><div class=\"fusion-column-wrapper fusion-column-has-shadow fusion-flex-justify-content-flex-start fusion-content-layout-column\"><div class=\"fusion-separator fusion-full-width-sep\" style=\"align-self: center;margin-left: auto;margin-right: auto;margin-top:100px;width:100%;\"><div class=\"fusion-separator-border sep-double\" style=\"--awb-height:20px;--awb-amount:20px;border-color:var(--awb-color3);border-top-width:1px;border-bottom-width:1px;\"><\/div><\/div><div class=\"fusion-text fusion-text-1\" style=\"--awb-margin-top:25px;\"><h2>Unterst\u00fctzung der Arbeit des Bildungswerkes<\/h2>\n<p>Wir sind f\u00fcr jede finanzielle Unterst\u00fctzung dankbar. Auch ein kleiner Betrag hilft. Wir m\u00f6chten gerne \u00fcber viele Jahre hinweg die Idee von Heinz Hesd\u00f6rffer an junge Menschen im Landkreis Bad Kreuznach weitergeben. Antisemitismus, Fremdenfeindlichkeit und Demokratiefeindlichkeit nehmen in den letzten Jahren immer weiter zu. Gerade junge Menschen m\u00fcssen sensibilisiert werden, dieses Unrecht zu erkennen und sich somit f\u00fcr ein friedliches Miteinander einzusetzen. Heinz Hesd\u00f6rffer hat seine ganze Hoffnung in die &#8222;Jugend von heute&#8220; gesteckt. &#8222;Sie m\u00fcsse alles daran setzen, dass ein Rechtsruck in Europa, Deutschland oder auch im Landkreis Bad Kreuznach verhindert wird. Am Ende soll niemand sagen m\u00fcssen: Davon habe ich nichts gewusst!&#8220;<\/p>\n<p>Bitte spenden Sie, und wir geben Ihr Geld an sinnvolle und gute Projekte von und f\u00fcr Jugendliche weiter. Wir unterst\u00fctzen Studienfahrten von Schulen, Kirchengemeinden und Vereinen. Wir unterst\u00fctzen junge Menschen, die sich mit der j\u00fcdischen Geschichte in ihrer Stadt oder in ihrem Dorf besch\u00e4ftigen m\u00f6chten. Wir unterst\u00fctzen Projektarbeiten, durch die eine Begegnung mit der j\u00fcdischer Geschichte oder mit j\u00fcdischem Leben m\u00f6glich ist. Und wir unterst\u00fctzen Projekte, die sich z.B. mit dem Leben von Heinz Hesd\u00f6rffer und seiner Familie besch\u00e4ftigen.<\/p>\n<p><strong>Spendenkonten:<\/strong><\/p>\n<blockquote>\n<p>Bildungswerk Heinz Hesd\u00f6rffer e.V.\u00a0 \u00a0 \u00a0 \u00a0 \u00a0 \u00a0 \u00a0 \u00a0 \u00a0 \u00a0 \u00a0 \u00a0 \u00a0 \u00a0 \u00a0 \u00a0 \u00a0 \u00a0 \u00a0 \u00a0 \u00a0 \u00a0 \u00a0 \u00a0 \u00a0 \u00a0 \u00a0 \u00a0 \u00a0 \u00a0 \u00a0 \u00a0 \u00a0 \u00a0 \u00a0 \u00a0Bildungswerk Heinz Hesd\u00f6rffer e.V.<br \/>\nIBAN: DE22 5605 0180 0017 0614 41\u00a0 \u00a0 \u00a0 \u00a0 \u00a0 \u00a0 \u00a0 \u00a0 \u00a0 \u00a0 \u00a0 \u00a0 \u00a0 \u00a0 \u00a0 \u00a0 \u00a0 \u00a0 \u00a0 \u00a0 \u00a0 \u00a0 \u00a0 \u00a0 \u00a0 \u00a0 \u00a0 \u00a0 \u00a0 \u00a0 \u00a0 \u00a0 \u00a0 \u00a0 \u00a0IBAN: DE36 5626 1735 0000 1613 65<br \/>\nBIC: MALADE51KRE\u00a0 \u00a0 \u00a0 \u00a0 \u00a0 \u00a0 \u00a0 \u00a0 \u00a0 \u00a0 \u00a0 \u00a0 \u00a0 \u00a0 \u00a0 \u00a0 \u00a0 \u00a0 \u00a0 \u00a0 \u00a0 \u00a0 \u00a0 \u00a0 \u00a0 \u00a0 \u00a0 \u00a0 \u00a0 \u00a0 \u00a0 \u00a0 \u00a0 \u00a0 \u00a0 \u00a0 \u00a0 \u00a0 \u00a0 \u00a0 \u00a0 \u00a0 \u00a0 \u00a0 \u00a0 \u00a0 \u00a0 \u00a0 \u00a0BIC: GENODED1FIN<br \/>\nSparkasse Rhein-Nahe\u00a0 \u00a0 \u00a0 \u00a0 \u00a0 \u00a0 \u00a0 \u00a0 \u00a0 \u00a0 \u00a0 \u00a0 \u00a0 \u00a0 \u00a0 \u00a0 \u00a0 \u00a0 \u00a0 \u00a0 \u00a0 \u00a0 \u00a0 \u00a0 \u00a0 \u00a0 \u00a0 \u00a0 \u00a0 \u00a0 \u00a0 \u00a0 \u00a0 \u00a0 \u00a0 \u00a0 \u00a0 \u00a0 \u00a0 \u00a0 \u00a0 \u00a0 \u00a0 \u00a0 \u00a0 \u00a0 Raiffeisenbank &#8222;Nahe&#8220; eG<\/p>\n<\/blockquote>\n<p>Unser Verein erf\u00fcllt die Voraussetzungen des Gemeinn\u00fctzigkeitsrechts. Daher ist jeder gespendete Cent bei Ihrer Steuer absetzbar. Wir werden gef\u00fchrt beim Finanzamt Idar-Oberstein &#8211; Steuernummer 09\/651\/11938<\/p>\n<p><b>Bitte geben Sie bei \u00dcberweisungen Ihre vollst\u00e4ndige Anschrift an, so dass wir Ihnen eine Spendenbescheinigung zusenden k\u00f6nnen.<\/b><\/p>\n<\/div><div class=\"fusion-separator fusion-full-width-sep\" style=\"align-self: center;margin-left: auto;margin-right: auto;margin-top:60px;margin-bottom:300px;width:100%;\"><div class=\"fusion-separator-border sep-double\" style=\"--awb-height:20px;--awb-amount:20px;border-color:var(--awb-color3);border-top-width:1px;border-bottom-width:1px;\"><\/div><\/div><\/div><\/div><\/div><\/div>\n","protected":false},"excerpt":{"rendered":"","protected":false},"author":1,"featured_media":0,"parent":0,"menu_order":0,"comment_status":"closed","ping_status":"closed","template":"100-width.php","meta":{"footnotes":""},"class_list":["post-126","page","type-page","status-publish","hentry"],"_links":{"self":[{"href":"https:\/\/bw-hh.de\/index.php?rest_route=\/wp\/v2\/pages\/126","targetHints":{"allow":["GET"]}}],"collection":[{"href":"https:\/\/bw-hh.de\/index.php?rest_route=\/wp\/v2\/pages"}],"about":[{"href":"https:\/\/bw-hh.de\/index.php?rest_route=\/wp\/v2\/types\/page"}],"author":[{"embeddable":true,"href":"https:\/\/bw-hh.de\/index.php?rest_route=\/wp\/v2\/users\/1"}],"replies":[{"embeddable":true,"href":"https:\/\/bw-hh.de\/index.php?rest_route=%2Fwp%2Fv2%2Fcomments&post=126"}],"version-history":[{"count":36,"href":"https:\/\/bw-hh.de\/index.php?rest_route=\/wp\/v2\/pages\/126\/revisions"}],"predecessor-version":[{"id":806,"href":"https:\/\/bw-hh.de\/index.php?rest_route=\/wp\/v2\/pages\/126\/revisions\/806"}],"wp:attachment":[{"href":"https:\/\/bw-hh.de\/index.php?rest_route=%2Fwp%2Fv2%2Fmedia&parent=126"}],"curies":[{"name":"wp","href":"https:\/\/api.w.org\/{rel}","templated":true}]}}