{"id":1290,"date":"2026-03-20T10:44:52","date_gmt":"2026-03-20T10:44:52","guid":{"rendered":"https:\/\/bw-hh.de\/?page_id=1290"},"modified":"2026-03-23T22:41:57","modified_gmt":"2026-03-23T22:41:57","slug":"ernst-hesdoerffer","status":"publish","type":"page","link":"https:\/\/bw-hh.de\/?page_id=1290","title":{"rendered":"Ernst Hesd\u00f6rffer"},"content":{"rendered":"<div class=\"fusion-fullwidth fullwidth-box fusion-builder-row-1 fusion-flex-container has-pattern-background has-mask-background nonhundred-percent-fullwidth non-hundred-percent-height-scrolling\" style=\"--awb-border-radius-top-left:0px;--awb-border-radius-top-right:0px;--awb-border-radius-bottom-right:0px;--awb-border-radius-bottom-left:0px;--awb-flex-wrap:wrap;\" ><div class=\"fusion-builder-row fusion-row fusion-flex-align-items-flex-start fusion-flex-content-wrap\" style=\"max-width:1248px;margin-left: calc(-4% \/ 2 );margin-right: calc(-4% \/ 2 );\"><div class=\"fusion-layout-column fusion_builder_column fusion-builder-column-0 fusion_builder_column_1_1 1_1 fusion-flex-column\" style=\"--awb-bg-blend:overlay;--awb-bg-size:cover;--awb-width-large:100%;--awb-margin-top-large:0px;--awb-spacing-right-large:1.92%;--awb-margin-bottom-large:0px;--awb-spacing-left-large:1.92%;--awb-width-medium:100%;--awb-spacing-right-medium:1.92%;--awb-spacing-left-medium:1.92%;--awb-width-small:100%;--awb-spacing-right-small:1.92%;--awb-spacing-left-small:1.92%;\"><div class=\"fusion-column-wrapper fusion-flex-justify-content-flex-start fusion-content-layout-column\"><div class=\"fusion-separator fusion-full-width-sep\" style=\"align-self: center;margin-left: auto;margin-right: auto;margin-top:100px;width:100%;\"><div class=\"fusion-separator-border sep-double\" style=\"--awb-height:20px;--awb-amount:20px;border-color:var(--awb-color3);border-top-width:1px;border-bottom-width:1px;\"><\/div><\/div><div class=\"fusion-text fusion-text-1\"><p><strong>Ernst Jakob Hesd\u00f6rffer &#8211; Bruder<\/strong><\/p>\n<p><img decoding=\"async\" class=\"wp-image-1276 alignleft\" src=\"https:\/\/bw-hh.de\/wp-content\/uploads\/2026\/03\/Ernst-Jakob-Hesdoerffer_Foto.avif\" alt=\"\" width=\"352\" height=\"503\" srcset=\"https:\/\/bw-hh.de\/wp-content\/uploads\/2026\/03\/Ernst-Jakob-Hesdoerffer_Foto-200x286.avif 200w, https:\/\/bw-hh.de\/wp-content\/uploads\/2026\/03\/Ernst-Jakob-Hesdoerffer_Foto-210x300.avif 210w, https:\/\/bw-hh.de\/wp-content\/uploads\/2026\/03\/Ernst-Jakob-Hesdoerffer_Foto-400x571.avif 400w, https:\/\/bw-hh.de\/wp-content\/uploads\/2026\/03\/Ernst-Jakob-Hesdoerffer_Foto-600x857.avif 600w, https:\/\/bw-hh.de\/wp-content\/uploads\/2026\/03\/Ernst-Jakob-Hesdoerffer_Foto-717x1024.avif 717w, https:\/\/bw-hh.de\/wp-content\/uploads\/2026\/03\/Ernst-Jakob-Hesdoerffer_Foto-768x1097.avif 768w, https:\/\/bw-hh.de\/wp-content\/uploads\/2026\/03\/Ernst-Jakob-Hesdoerffer_Foto-800x1142.avif 800w, https:\/\/bw-hh.de\/wp-content\/uploads\/2026\/03\/Ernst-Jakob-Hesdoerffer_Foto-1076x1536.avif 1076w, https:\/\/bw-hh.de\/wp-content\/uploads\/2026\/03\/Ernst-Jakob-Hesdoerffer_Foto-1200x1713.avif 1200w, https:\/\/bw-hh.de\/wp-content\/uploads\/2026\/03\/Ernst-Jakob-Hesdoerffer_Foto.avif 1379w\" sizes=\"(max-width: 352px) 100vw, 352px\" \/>Geburtsdatum:<br \/>\n18-04-1926<\/p>\n<p>Geburtsort:<br \/>\nBad Kreuznach<\/p>\n<p>Todesdatum:<br \/>\n28-Feb-1943<\/p>\n<p>Todesort:<br \/>\nAuschwitz<\/p>\n<p>Der Name der Mutter:<br \/>\nJohanna Hesd\u00f6rffer, geb. Joseph<\/p>\n<p>Name des Vaters:<br \/>\nKarl Hesd\u00f6rffer<\/p>\n<p>Letzte Adresse in Deutschland:<br \/>\nBad Kreuznach, Baumgartenstr. 44<\/p>\n<p><br clear=\"\" \/><br clear=\"\" \/><\/p>\n<p><img decoding=\"async\" class=\"size-full wp-image-1348 aligncenter\" src=\"https:\/\/bw-hh.de\/wp-content\/uploads\/2026\/03\/1929-00-00_Heinz-und-Bruder-Ernst-in-Bad-Kreuznach.jpg\" alt=\"\" width=\"889\" height=\"600\" srcset=\"https:\/\/bw-hh.de\/wp-content\/uploads\/2026\/03\/1929-00-00_Heinz-und-Bruder-Ernst-in-Bad-Kreuznach-200x135.jpg 200w, https:\/\/bw-hh.de\/wp-content\/uploads\/2026\/03\/1929-00-00_Heinz-und-Bruder-Ernst-in-Bad-Kreuznach-300x202.jpg 300w, https:\/\/bw-hh.de\/wp-content\/uploads\/2026\/03\/1929-00-00_Heinz-und-Bruder-Ernst-in-Bad-Kreuznach-400x270.jpg 400w, https:\/\/bw-hh.de\/wp-content\/uploads\/2026\/03\/1929-00-00_Heinz-und-Bruder-Ernst-in-Bad-Kreuznach-600x405.jpg 600w, https:\/\/bw-hh.de\/wp-content\/uploads\/2026\/03\/1929-00-00_Heinz-und-Bruder-Ernst-in-Bad-Kreuznach-768x518.jpg 768w, https:\/\/bw-hh.de\/wp-content\/uploads\/2026\/03\/1929-00-00_Heinz-und-Bruder-Ernst-in-Bad-Kreuznach-800x540.jpg 800w, https:\/\/bw-hh.de\/wp-content\/uploads\/2026\/03\/1929-00-00_Heinz-und-Bruder-Ernst-in-Bad-Kreuznach.jpg 889w\" sizes=\"(max-width: 889px) 100vw, 889px\" \/><\/p>\n<p style=\"text-align: center;\">Heinz und Ernst Hesd\u00f6rffer vor der Haust\u00fcr in der Baumgartenstr. 44 in Bad Kreuznach.<\/p>\n<p><img decoding=\"async\" class=\"size-full wp-image-1349 alignleft\" src=\"https:\/\/bw-hh.de\/wp-content\/uploads\/2026\/03\/1932-00-00_Ernst-und-Bruder-Heinz_1.-Schultag.jpg\" alt=\"\" width=\"600\" height=\"975\" srcset=\"https:\/\/bw-hh.de\/wp-content\/uploads\/2026\/03\/1932-00-00_Ernst-und-Bruder-Heinz_1.-Schultag-185x300.jpg 185w, https:\/\/bw-hh.de\/wp-content\/uploads\/2026\/03\/1932-00-00_Ernst-und-Bruder-Heinz_1.-Schultag-200x325.jpg 200w, https:\/\/bw-hh.de\/wp-content\/uploads\/2026\/03\/1932-00-00_Ernst-und-Bruder-Heinz_1.-Schultag-400x650.jpg 400w, https:\/\/bw-hh.de\/wp-content\/uploads\/2026\/03\/1932-00-00_Ernst-und-Bruder-Heinz_1.-Schultag.jpg 600w\" sizes=\"(max-width: 600px) 100vw, 600px\" \/><\/p>\n<p><br clear=\"\" \/><br clear=\"\" \/><br clear=\"\" \/><br clear=\"\" \/><br clear=\"\" \/><br clear=\"\" \/><\/p>\n<p><strong>1. Schultag von Ernst im Jahr 1932<\/strong><br \/>\nBruder Heinz steht links<br \/>\nOrt: vermutlich vor der Schule<\/p>\n<p><br clear=\"\" \/><br clear=\"\" \/><br clear=\"\" \/><br clear=\"\" \/><br clear=\"\" \/><br clear=\"\" \/><br clear=\"\" \/><br clear=\"\" \/><br clear=\"\" \/><br clear=\"\" \/><br clear=\"\" \/><br clear=\"\" \/><\/p>\n<p><strong>Kindertransport in die Niederlande:<\/strong><br \/>\n30-03-1939 &#8211; von K\u00f6ln nach Rotterdam<br \/>\nDer Transport wurde organisiert durch die \u201eReichsvertretung der Juden in Deutschland\u201c,<br \/>\n\u201eKomit\u00e8 j\u00fcdische Fl\u00fcchtlingskinder\u201c<br \/>\nZiel: Quarant\u00e4ne Beneden Heijplaat, Quarantainestraat 1, Rotterdam<br \/>\nDie Vermutung liegt nahe, dass die Geschwister Ernst und Heinz Hesd\u00f6rffer gut 14 Tage hier untergebracht waren.<br \/>\nAnschlie\u00dfend wurden die Geschwister verlegt in das sogenannte Achterklooster.<\/p>\n<p><br clear=\"\" \/><br clear=\"\" \/><br clear=\"\" \/><br clear=\"\" \/><br clear=\"\" \/><\/p>\n<p><strong>Transportliste von K\u00f6ln nach Rotterdam:<\/strong><\/p>\n<p><img decoding=\"async\" class=\"alignnone size-full wp-image-1382\" src=\"https:\/\/bw-hh.de\/wp-content\/uploads\/2026\/03\/Brief-Kindertransport-Seite-1-mit-Uebersetzung-scaled.jpg\" alt=\"\" width=\"2560\" height=\"1772\" srcset=\"https:\/\/bw-hh.de\/wp-content\/uploads\/2026\/03\/Brief-Kindertransport-Seite-1-mit-Uebersetzung-200x138.jpg 200w, https:\/\/bw-hh.de\/wp-content\/uploads\/2026\/03\/Brief-Kindertransport-Seite-1-mit-Uebersetzung-300x208.jpg 300w, https:\/\/bw-hh.de\/wp-content\/uploads\/2026\/03\/Brief-Kindertransport-Seite-1-mit-Uebersetzung-400x277.jpg 400w, https:\/\/bw-hh.de\/wp-content\/uploads\/2026\/03\/Brief-Kindertransport-Seite-1-mit-Uebersetzung-600x415.jpg 600w, https:\/\/bw-hh.de\/wp-content\/uploads\/2026\/03\/Brief-Kindertransport-Seite-1-mit-Uebersetzung-768x532.jpg 768w, https:\/\/bw-hh.de\/wp-content\/uploads\/2026\/03\/Brief-Kindertransport-Seite-1-mit-Uebersetzung-800x554.jpg 800w, https:\/\/bw-hh.de\/wp-content\/uploads\/2026\/03\/Brief-Kindertransport-Seite-1-mit-Uebersetzung-1024x709.jpg 1024w, https:\/\/bw-hh.de\/wp-content\/uploads\/2026\/03\/Brief-Kindertransport-Seite-1-mit-Uebersetzung-1200x831.jpg 1200w, https:\/\/bw-hh.de\/wp-content\/uploads\/2026\/03\/Brief-Kindertransport-Seite-1-mit-Uebersetzung-1536x1063.jpg 1536w, https:\/\/bw-hh.de\/wp-content\/uploads\/2026\/03\/Brief-Kindertransport-Seite-1-mit-Uebersetzung-scaled.jpg 2560w\" sizes=\"(max-width: 2560px) 100vw, 2560px\" \/><\/p>\n<p><img decoding=\"async\" class=\"wp-image-1383 aligncenter\" src=\"https:\/\/bw-hh.de\/wp-content\/uploads\/2026\/03\/Brief-Kindertransport-2-von-2-_-1939-03-28-mit-Markierung-scaled.jpg\" alt=\"\" width=\"563\" height=\"792\" srcset=\"https:\/\/bw-hh.de\/wp-content\/uploads\/2026\/03\/Brief-Kindertransport-2-von-2-_-1939-03-28-mit-Markierung-200x281.jpg 200w, https:\/\/bw-hh.de\/wp-content\/uploads\/2026\/03\/Brief-Kindertransport-2-von-2-_-1939-03-28-mit-Markierung-213x300.jpg 213w, https:\/\/bw-hh.de\/wp-content\/uploads\/2026\/03\/Brief-Kindertransport-2-von-2-_-1939-03-28-mit-Markierung-400x563.jpg 400w, https:\/\/bw-hh.de\/wp-content\/uploads\/2026\/03\/Brief-Kindertransport-2-von-2-_-1939-03-28-mit-Markierung-600x844.jpg 600w, https:\/\/bw-hh.de\/wp-content\/uploads\/2026\/03\/Brief-Kindertransport-2-von-2-_-1939-03-28-mit-Markierung-728x1024.jpg 728w, https:\/\/bw-hh.de\/wp-content\/uploads\/2026\/03\/Brief-Kindertransport-2-von-2-_-1939-03-28-mit-Markierung-768x1080.jpg 768w, https:\/\/bw-hh.de\/wp-content\/uploads\/2026\/03\/Brief-Kindertransport-2-von-2-_-1939-03-28-mit-Markierung-800x1125.jpg 800w, https:\/\/bw-hh.de\/wp-content\/uploads\/2026\/03\/Brief-Kindertransport-2-von-2-_-1939-03-28-mit-Markierung-1092x1536.jpg 1092w, https:\/\/bw-hh.de\/wp-content\/uploads\/2026\/03\/Brief-Kindertransport-2-von-2-_-1939-03-28-mit-Markierung-1200x1688.jpg 1200w, https:\/\/bw-hh.de\/wp-content\/uploads\/2026\/03\/Brief-Kindertransport-2-von-2-_-1939-03-28-mit-Markierung-1456x2048.jpg 1456w, https:\/\/bw-hh.de\/wp-content\/uploads\/2026\/03\/Brief-Kindertransport-2-von-2-_-1939-03-28-mit-Markierung-scaled.jpg 1820w\" sizes=\"(max-width: 563px) 100vw, 563px\" \/><\/p>\n<p><br clear=\"\" \/><br clear=\"\" \/><\/p>\n<p><strong>Quarant\u00e4nelager &#8222;Achterklooster&#8220;<\/strong><br \/>\nHoogstraat 79, Rotterdam<br \/>\nDas sogenannte \u201eAchterklooster\u201c ist auch unter der Anschrift &#8222;Achterklooster 79 in der Hoogstraat&#8220; bekannt. Das gesamte Viertel wurde,<br \/>\nwie auch die komplette Innenstadt, durch die deutsche Wehrmacht am 14. Mai 1940 durch einen gro\u00dfangelegten Luftangriff v\u00f6llig zerst\u00f6rt.<br \/>\nDas Achterklooster war eine j\u00fcdische Fl\u00fcchtlingsunterkunft in der haupts\u00e4chlich deutsche Kinder unterkamen.<br \/>\nErnst und Heinz blieben dort bis zum 20-04-1939.<br \/>\nAnschlie\u00dfend wurden sie ins Waisenhaus in Gouda gebracht.<\/p>\n<p><br clear=\"\" \/><br clear=\"\" \/><\/p>\n<p><img decoding=\"async\" class=\" wp-image-1279 alignleft\" src=\"https:\/\/bw-hh.de\/wp-content\/uploads\/2026\/03\/Gouda-Waisenhaus-003-2023-April-03.jpg\" alt=\"\" width=\"409\" height=\"726\" srcset=\"https:\/\/bw-hh.de\/wp-content\/uploads\/2026\/03\/Gouda-Waisenhaus-003-2023-April-03-169x300.jpg 169w, https:\/\/bw-hh.de\/wp-content\/uploads\/2026\/03\/Gouda-Waisenhaus-003-2023-April-03-200x355.jpg 200w, https:\/\/bw-hh.de\/wp-content\/uploads\/2026\/03\/Gouda-Waisenhaus-003-2023-April-03-400x710.jpg 400w, https:\/\/bw-hh.de\/wp-content\/uploads\/2026\/03\/Gouda-Waisenhaus-003-2023-April-03-577x1024.jpg 577w, https:\/\/bw-hh.de\/wp-content\/uploads\/2026\/03\/Gouda-Waisenhaus-003-2023-April-03.jpg 600w\" sizes=\"(max-width: 409px) 100vw, 409px\" \/><\/p>\n<p><br clear=\"\" \/><br clear=\"\" \/><br clear=\"\" \/><\/p>\n<p><strong>Waisenhaus in Gouda:<\/strong><br \/>\n40 j\u00fcdische Fl\u00fcchtlingskinder wurden 1939 im Waisenhaus in Gouda, Spieringstraat , untergebracht.<br \/>\nDarunter waren auch Ernst und sein Bruder Heinz.<br \/>\nErnst (13 Jahre) feierte seine Bar-Mizwa und erlangte damit alle Rechte und Pflichten innerhalb der j\u00fcdischen Gemeinschaft.<br \/>\nEr blieb dort bis zum 30-10-1939. Ab diesem Zeitpunkt gingen die Geschwister getrennte Wege.<br \/>\nSein \u00e4lterer Bruder Heinz ging im Dezember nach Amsterdam.<\/p>\n<p><br clear=\"\" \/><br clear=\"\" \/><br clear=\"\" \/><br clear=\"\" \/><br clear=\"\" \/><br clear=\"\" \/><br clear=\"\" \/><br clear=\"\" \/><br clear=\"\" \/><br clear=\"\" \/><\/p>\n<p>Im ehemaligen Waisenhaus in Gouda befindet sich heute das luxuri\u00f6se Boutique-Hotel &#8222;Relais &amp; Ch\u00e2teaux Weeshuis Gouda&#8220;<\/p>\n<p><br clear=\"\" \/><br clear=\"\" \/><br clear=\"\" \/><br clear=\"\" \/><\/p>\n<p><strong>Dordrecht:<\/strong><br \/>\nLevensverzekeringstraat 22 (heute Rozenhof 22), p\/a Barend Katan.<br \/>\nErnst wird als Pflegekind bei Familie Katan aufgenommen.<\/p>\n<p><img decoding=\"async\" class=\"alignnone size-full wp-image-1456\" src=\"https:\/\/bw-hh.de\/wp-content\/uploads\/2026\/03\/Brief-Ministerium-des-Innern-Uebersetzung-scaled.jpg\" alt=\"\" width=\"2560\" height=\"1801\" srcset=\"https:\/\/bw-hh.de\/wp-content\/uploads\/2026\/03\/Brief-Ministerium-des-Innern-Uebersetzung-200x141.jpg 200w, https:\/\/bw-hh.de\/wp-content\/uploads\/2026\/03\/Brief-Ministerium-des-Innern-Uebersetzung-300x211.jpg 300w, https:\/\/bw-hh.de\/wp-content\/uploads\/2026\/03\/Brief-Ministerium-des-Innern-Uebersetzung-400x281.jpg 400w, https:\/\/bw-hh.de\/wp-content\/uploads\/2026\/03\/Brief-Ministerium-des-Innern-Uebersetzung-600x422.jpg 600w, https:\/\/bw-hh.de\/wp-content\/uploads\/2026\/03\/Brief-Ministerium-des-Innern-Uebersetzung-768x540.jpg 768w, https:\/\/bw-hh.de\/wp-content\/uploads\/2026\/03\/Brief-Ministerium-des-Innern-Uebersetzung-800x563.jpg 800w, https:\/\/bw-hh.de\/wp-content\/uploads\/2026\/03\/Brief-Ministerium-des-Innern-Uebersetzung-1024x720.jpg 1024w, https:\/\/bw-hh.de\/wp-content\/uploads\/2026\/03\/Brief-Ministerium-des-Innern-Uebersetzung-1200x844.jpg 1200w, https:\/\/bw-hh.de\/wp-content\/uploads\/2026\/03\/Brief-Ministerium-des-Innern-Uebersetzung-1536x1080.jpg 1536w, https:\/\/bw-hh.de\/wp-content\/uploads\/2026\/03\/Brief-Ministerium-des-Innern-Uebersetzung-scaled.jpg 2560w\" sizes=\"(max-width: 2560px) 100vw, 2560px\" \/><\/p>\n<p><br clear=\"\" \/><br clear=\"\" \/><br clear=\"\" \/><br clear=\"\" \/><\/p>\n<p>Barend Joshua Katan (Rotterdam, 20. Januar 1905) war seit dem 1. Mai 1932 Rabbiner von Dordrecht.<br \/>\nSeine Frau war Rosa Katan-Duizend (Amsterdam, 9. Juli 1906). Das Ehepaar Katan hatte selbst 3 Kinder: Samuel (24. Dezember 1936), Joseph (6. M\u00e4rz 1938) und Milkah (6. Mai 1940).<\/p>\n<p>Ernst ging noch ein Jahr in Dordrecht zur Schule.<\/p>\n<p>Danach konnte er als Ele<img decoding=\"async\" class=\"wp-image-1461 alignright\" src=\"https:\/\/bw-hh.de\/wp-content\/uploads\/2026\/03\/Wohnhaus-in-Dordrecht-Google-Maps-scaled.jpg\" alt=\"\" width=\"713\" height=\"369\" srcset=\"https:\/\/bw-hh.de\/wp-content\/uploads\/2026\/03\/Wohnhaus-in-Dordrecht-Google-Maps-200x103.jpg 200w, https:\/\/bw-hh.de\/wp-content\/uploads\/2026\/03\/Wohnhaus-in-Dordrecht-Google-Maps-300x155.jpg 300w, https:\/\/bw-hh.de\/wp-content\/uploads\/2026\/03\/Wohnhaus-in-Dordrecht-Google-Maps-400x207.jpg 400w, https:\/\/bw-hh.de\/wp-content\/uploads\/2026\/03\/Wohnhaus-in-Dordrecht-Google-Maps-600x310.jpg 600w, https:\/\/bw-hh.de\/wp-content\/uploads\/2026\/03\/Wohnhaus-in-Dordrecht-Google-Maps-768x397.jpg 768w, https:\/\/bw-hh.de\/wp-content\/uploads\/2026\/03\/Wohnhaus-in-Dordrecht-Google-Maps-800x414.jpg 800w, https:\/\/bw-hh.de\/wp-content\/uploads\/2026\/03\/Wohnhaus-in-Dordrecht-Google-Maps-1024x529.jpg 1024w, https:\/\/bw-hh.de\/wp-content\/uploads\/2026\/03\/Wohnhaus-in-Dordrecht-Google-Maps-1200x620.jpg 1200w, https:\/\/bw-hh.de\/wp-content\/uploads\/2026\/03\/Wohnhaus-in-Dordrecht-Google-Maps-1536x794.jpg 1536w, https:\/\/bw-hh.de\/wp-content\/uploads\/2026\/03\/Wohnhaus-in-Dordrecht-Google-Maps-scaled.jpg 2560w\" sizes=\"(max-width: 713px) 100vw, 713px\" \/>ktriker bei der Firma Bakker arbeiten. Die Mutter von Heinz und Ernst wollte ebenfalls in die Niederlande nachkommen. Sie wollten dann gemeinsam auswandern.Geplant war USA, Kuba oder Pal\u00e4stina. Daraus wurde jedoch nichts, obwohl dien\u00f6tigen Papiere am 06. Mai 1940 vorlagen<strong>. <\/strong>Am 10. Mai 1940 marschierte die deutsche Wehrmacht in den Niederlanden ein. Die Mutter zog zu der Schwester ihresverstorbenen Mannes nach Fulda. Heinz und Ernst waren auf sich allein gestellt.<\/p>\n<p>1942 sollte Ernst nach Deutschland als Arbeitskraft verlegt werden. Sein Bruder Heinz konnte dies jedoch durch Beziehungen, die er immer wieder aufbaute, verhindern.<\/p>\n<p><strong>24. und 25. Oktober 1942<\/strong> (Wochenende), letztes pers\u00f6nliches Treffen von Ernst mit seinem Bruder Heinz in Arnhem.<\/p>\n<p><img decoding=\"async\" class=\"wp-image-1467 alignleft\" src=\"https:\/\/bw-hh.de\/wp-content\/uploads\/2026\/03\/K800_Westerbork-Eingang.jpg\" alt=\"\" width=\"459\" height=\"612\" srcset=\"https:\/\/bw-hh.de\/wp-content\/uploads\/2026\/03\/K800_Westerbork-Eingang-200x267.jpg 200w, https:\/\/bw-hh.de\/wp-content\/uploads\/2026\/03\/K800_Westerbork-Eingang-225x300.jpg 225w, https:\/\/bw-hh.de\/wp-content\/uploads\/2026\/03\/K800_Westerbork-Eingang-400x533.jpg 400w, https:\/\/bw-hh.de\/wp-content\/uploads\/2026\/03\/K800_Westerbork-Eingang.jpg 600w\" sizes=\"(max-width: 459px) 100vw, 459px\" \/><\/p>\n<p><br clear=\"\" \/><br clear=\"\" \/><br clear=\"\" \/><\/p>\n<p>Rabbi Barend Katan wurde am 4. November 1942 in Rotterdam von der Rotterdamer Polizei f\u00fcr die Sicherheitspolizei (Sipo) festgenommen und am selben Tag im Gewahrsamshaus auf dem Noordsingel eingesperrt.<\/p>\n<p><img decoding=\"async\" class=\"wp-image-1470 aligncenter\" src=\"https:\/\/bw-hh.de\/wp-content\/uploads\/2026\/03\/K800_Westerbork-Schild-Viehwaggon.jpg\" alt=\"\" width=\"369\" height=\"277\" srcset=\"https:\/\/bw-hh.de\/wp-content\/uploads\/2026\/03\/K800_Westerbork-Schild-Viehwaggon-200x150.jpg 200w, https:\/\/bw-hh.de\/wp-content\/uploads\/2026\/03\/K800_Westerbork-Schild-Viehwaggon-300x225.jpg 300w, https:\/\/bw-hh.de\/wp-content\/uploads\/2026\/03\/K800_Westerbork-Schild-Viehwaggon-400x300.jpg 400w, https:\/\/bw-hh.de\/wp-content\/uploads\/2026\/03\/K800_Westerbork-Schild-Viehwaggon-600x450.jpg 600w, https:\/\/bw-hh.de\/wp-content\/uploads\/2026\/03\/K800_Westerbork-Schild-Viehwaggon-768x576.jpg 768w, https:\/\/bw-hh.de\/wp-content\/uploads\/2026\/03\/K800_Westerbork-Schild-Viehwaggon.jpg 800w\" sizes=\"(max-width: 369px) 100vw, 369px\" \/><\/p>\n<p>Am 20. November 1942 Transport nach Westerbork, von wo aus er sp\u00e4ter nach Auschwitz deportiert wurde. Am 30. April 1943 w<em>urde Rabi Katan ermordet.<\/em><\/p>\n<p><br clear=\"\" \/>Frau Katan war nun allein mit ihren 3 Kindern und bat Ernst, doch bei ihnen zu bleiben. Ernst arbeitete zu der Zeit in einem Kino. Dort wurde ihm ein Versteck angeboten. Aber Ernst blieb bei Familie Katan.<\/p>\n<p>12. November 1942 (Donnerstag) wurde Ernst mit 12 weiteren Juden verhaftet und nach Amsterdam in die Hollandsche Schouwburg, das nationale Verteilzentrum, gebracht. Danach ging der Transport weiter nach Westerbork. Darunter waren auch Frau Katan und die 3 Kinder. Frau Katan ist mit ihren 3 Kindern direkt nach Auschwitz deportiert worden. Ihr Mann war zu diesem Zeitpunkt noch in Westerbork, ebenso Ernst. Am 23. November 1942 wurde Frau Katan und ihre 3 Kinder in Auschwitz ermordet.<\/p>\n<p><strong>Westerbork:<\/strong><br \/>\nHeinz versuchte mit seinen Beziehungen den Transport seines Bruders Ernst nach Auschwitz zu verhindern. Es ist ihm gelungen, dass Ernst als Elektriker in Westerbork h\u00e4tte arbeiten k\u00f6nnen und er von der Transportliste h\u00e4tte gestrichen werden sollen. Die Kartothek mit der Anweisung, Ernst von der Transportliste nach Auschwitz zu streichen, wurde fatalerweise nicht umgehend an entsprechende Stelle weitergeleitet. Ernst wird somit am 24.11.1942 nach Auschwitz deportiert.<\/p>\n<p><img decoding=\"async\" class=\"alignnone wp-image-1469\" src=\"https:\/\/bw-hh.de\/wp-content\/uploads\/2026\/03\/K800_Westerbork-Rampe-2.jpg\" alt=\"\" width=\"460\" height=\"614\" srcset=\"https:\/\/bw-hh.de\/wp-content\/uploads\/2026\/03\/K800_Westerbork-Rampe-2-200x267.jpg 200w, https:\/\/bw-hh.de\/wp-content\/uploads\/2026\/03\/K800_Westerbork-Rampe-2-225x300.jpg 225w, https:\/\/bw-hh.de\/wp-content\/uploads\/2026\/03\/K800_Westerbork-Rampe-2-400x533.jpg 400w, https:\/\/bw-hh.de\/wp-content\/uploads\/2026\/03\/K800_Westerbork-Rampe-2.jpg 600w\" sizes=\"(max-width: 460px) 100vw, 460px\" \/><img decoding=\"async\" class=\"wp-image-1468 alignright\" src=\"https:\/\/bw-hh.de\/wp-content\/uploads\/2026\/03\/K800_Westerbork-Rampe-1-mit-Uebersetzung.jpg\" alt=\"\" width=\"637\" height=\"478\" srcset=\"https:\/\/bw-hh.de\/wp-content\/uploads\/2026\/03\/K800_Westerbork-Rampe-1-mit-Uebersetzung-200x150.jpg 200w, https:\/\/bw-hh.de\/wp-content\/uploads\/2026\/03\/K800_Westerbork-Rampe-1-mit-Uebersetzung-300x225.jpg 300w, https:\/\/bw-hh.de\/wp-content\/uploads\/2026\/03\/K800_Westerbork-Rampe-1-mit-Uebersetzung-400x300.jpg 400w, https:\/\/bw-hh.de\/wp-content\/uploads\/2026\/03\/K800_Westerbork-Rampe-1-mit-Uebersetzung-600x450.jpg 600w, https:\/\/bw-hh.de\/wp-content\/uploads\/2026\/03\/K800_Westerbork-Rampe-1-mit-Uebersetzung-768x576.jpg 768w, https:\/\/bw-hh.de\/wp-content\/uploads\/2026\/03\/K800_Westerbork-Rampe-1-mit-Uebersetzung.jpg 800w\" sizes=\"(max-width: 637px) 100vw, 637px\" \/><\/p>\n<p><strong>Auschwitz:<\/strong><br \/>\n28.02.1943 wurde Ernst in Auschwitz ermordet.<\/p>\n<\/div><div class=\"fusion-separator fusion-full-width-sep\" style=\"align-self: center;margin-left: auto;margin-right: auto;margin-top:300px;margin-bottom:1px;width:100%;\"><div class=\"fusion-separator-border sep-single sep-solid\" style=\"--awb-height:20px;--awb-amount:20px;--awb-sep-color:rgba(0,0,0,0);border-color:rgba(0,0,0,0);border-top-width:1px;\"><\/div><\/div><div class=\"fusion-separator fusion-full-width-sep\" style=\"align-self: center;margin-left: auto;margin-right: auto;margin-top:10px;width:100%;\"><div class=\"fusion-separator-border sep-double\" style=\"--awb-height:20px;--awb-amount:20px;border-color:var(--awb-color3);border-top-width:1px;border-bottom-width:1px;\"><\/div><\/div><div class=\"fusion-separator fusion-full-width-sep\" style=\"align-self: center;margin-left: auto;margin-right: auto;margin-top:100px;width:100%;\"><div class=\"fusion-separator-border sep-double\" style=\"--awb-height:20px;--awb-amount:20px;border-color:var(--awb-color3);border-top-width:1px;border-bottom-width:1px;\"><\/div><\/div><div class=\"fusion-separator fusion-full-width-sep\" style=\"align-self: center;margin-left: auto;margin-right: auto;margin-top:10px;width:100%;\"><div class=\"fusion-separator-border sep-double\" style=\"--awb-height:20px;--awb-amount:20px;border-color:var(--awb-color3);border-top-width:1px;border-bottom-width:1px;\"><\/div><\/div><div class=\"fusion-separator fusion-full-width-sep\" style=\"align-self: center;margin-left: auto;margin-right: auto;margin-top:10px;width:100%;\"><div class=\"fusion-separator-border sep-double\" style=\"--awb-height:20px;--awb-amount:20px;border-color:var(--awb-color3);border-top-width:1px;border-bottom-width:1px;\"><\/div><\/div><\/div><\/div><\/div><\/div>\n","protected":false},"excerpt":{"rendered":"","protected":false},"author":1,"featured_media":0,"parent":0,"menu_order":0,"comment_status":"closed","ping_status":"closed","template":"100-width.php","meta":{"footnotes":""},"class_list":["post-1290","page","type-page","status-publish","hentry"],"_links":{"self":[{"href":"https:\/\/bw-hh.de\/index.php?rest_route=\/wp\/v2\/pages\/1290","targetHints":{"allow":["GET"]}}],"collection":[{"href":"https:\/\/bw-hh.de\/index.php?rest_route=\/wp\/v2\/pages"}],"about":[{"href":"https:\/\/bw-hh.de\/index.php?rest_route=\/wp\/v2\/types\/page"}],"author":[{"embeddable":true,"href":"https:\/\/bw-hh.de\/index.php?rest_route=\/wp\/v2\/users\/1"}],"replies":[{"embeddable":true,"href":"https:\/\/bw-hh.de\/index.php?rest_route=%2Fwp%2Fv2%2Fcomments&post=1290"}],"version-history":[{"count":103,"href":"https:\/\/bw-hh.de\/index.php?rest_route=\/wp\/v2\/pages\/1290\/revisions"}],"predecessor-version":[{"id":1480,"href":"https:\/\/bw-hh.de\/index.php?rest_route=\/wp\/v2\/pages\/1290\/revisions\/1480"}],"wp:attachment":[{"href":"https:\/\/bw-hh.de\/index.php?rest_route=%2Fwp%2Fv2%2Fmedia&parent=1290"}],"curies":[{"name":"wp","href":"https:\/\/api.w.org\/{rel}","templated":true}]}}