{"id":494,"date":"2023-08-08T15:01:56","date_gmt":"2023-08-08T15:01:56","guid":{"rendered":"https:\/\/bw-hh.de\/?page_id=494"},"modified":"2025-11-03T18:57:13","modified_gmt":"2025-11-03T18:57:13","slug":"foerderung2","status":"publish","type":"page","link":"https:\/\/bw-hh.de\/?page_id=494","title":{"rendered":"F\u00f6rderung"},"content":{"rendered":"<div class=\"fusion-fullwidth fullwidth-box fusion-builder-row-1 fusion-flex-container has-pattern-background has-mask-background nonhundred-percent-fullwidth non-hundred-percent-height-scrolling\" style=\"--awb-border-radius-top-left:0px;--awb-border-radius-top-right:0px;--awb-border-radius-bottom-right:0px;--awb-border-radius-bottom-left:0px;--awb-flex-wrap:wrap;\" ><div class=\"fusion-builder-row fusion-row fusion-flex-align-items-flex-start fusion-flex-content-wrap\" style=\"max-width:1248px;margin-left: calc(-4% \/ 2 );margin-right: calc(-4% \/ 2 );\"><div class=\"fusion-layout-column fusion_builder_column fusion-builder-column-0 fusion_builder_column_1_1 1_1 fusion-flex-column\" style=\"--awb-bg-size:cover;--awb-width-large:100%;--awb-margin-top-large:0px;--awb-spacing-right-large:1.92%;--awb-margin-bottom-large:20px;--awb-spacing-left-large:1.92%;--awb-width-medium:100%;--awb-order-medium:0;--awb-spacing-right-medium:1.92%;--awb-spacing-left-medium:1.92%;--awb-width-small:100%;--awb-order-small:0;--awb-spacing-right-small:1.92%;--awb-spacing-left-small:1.92%;\"><div class=\"fusion-column-wrapper fusion-column-has-shadow fusion-flex-justify-content-flex-start fusion-content-layout-column\"><div class=\"fusion-separator fusion-full-width-sep\" style=\"align-self: center;margin-left: auto;margin-right: auto;margin-top:100px;width:100%;\"><div class=\"fusion-separator-border sep-double\" style=\"--awb-height:20px;--awb-amount:20px;border-color:var(--awb-color3);border-top-width:1px;border-bottom-width:1px;\"><\/div><\/div><div class=\"fusion-text fusion-text-1\"><h4>Alle ben\u00f6tigten Unterlagen f\u00fcr eine Projektf\u00f6rderung stehen Ihnen hier zum Download bereit:<\/h4>\n<ul>\n<li><a href=\"https:\/\/bw-hh.de\/wp-content\/uploads\/2023\/08\/Foerderkriterien-08.08.2023.pdf\">F\u00f6rderkriterien 08.08.2023\u00a0\u00a0\u00a0 <img decoding=\"async\" class=\"\" src=\"https:\/\/bw-hh.de\/wp-content\/uploads\/2023\/08\/PDF-Symbol.png\" width=\"25\" height=\"25\" \/><\/a><\/li>\n<li><a href=\"https:\/\/bw-hh.de\/wp-content\/uploads\/2023\/08\/Merkblatt-Bearbeitung-und-Abrechnung-Projekte-BwHH.pdf\">Merkblatt Bearbeitung und Abrechnung von Projekten\u00a0 \u00a0 <img decoding=\"async\" class=\"\" src=\"https:\/\/bw-hh.de\/wp-content\/uploads\/2023\/08\/PDF-Symbol.png\" width=\"25\" height=\"25\" \/><\/a><\/li>\n<li><a href=\"https:\/\/bw-hh.de\/wp-content\/uploads\/2023\/08\/Bitmap-in-LOGO-DIN-A-4.png\">Logo Bildungswerk Heinz Hesd\u00f6rffer e.V.\u00a0\u00a0\u00a0 <img decoding=\"async\" class=\"\" src=\"https:\/\/bw-hh.de\/wp-content\/uploads\/2023\/08\/Symbol-png.png\" width=\"25\" height=\"25\" \/><\/a><\/li>\n<\/ul>\n<h4>Antrag:<\/h4>\n<ul>\n<li><a href=\"https:\/\/bw-hh.de\/wp-content\/uploads\/2023\/08\/Antrag-Projekt-bis-300-Euro.xls\"> Projekt bis zu 300 Euro\u00a0 \u00a0 <img decoding=\"async\" class=\"\" src=\"https:\/\/bw-hh.de\/wp-content\/uploads\/2023\/08\/D2B478CE-C61D-4FAC-8090-BD44658F01E9.png\" width=\"25\" height=\"25\" \/><\/a><\/li>\n<li><a href=\"https:\/\/bw-hh.de\/wp-content\/uploads\/2023\/08\/Antrag-Projekt-ab-300-Euro.xls\"> Projekt ab 300 Euro\u00a0 \u00a0 <img decoding=\"async\" class=\"\" src=\"https:\/\/bw-hh.de\/wp-content\/uploads\/2023\/08\/D2B478CE-C61D-4FAC-8090-BD44658F01E9.png\" width=\"25\" height=\"25\" \/><\/a><\/li>\n<\/ul>\n<h4>Abrechnung:<\/h4>\n<ul>\n<li><a href=\"https:\/\/bw-hh.de\/wp-content\/uploads\/2023\/08\/Abrechnung-Projekt-bis-300-Euro.xls\"> Projekt bis zu 300 Euro\u00a0 \u00a0 <img decoding=\"async\" class=\"\" src=\"https:\/\/bw-hh.de\/wp-content\/uploads\/2023\/08\/D2B478CE-C61D-4FAC-8090-BD44658F01E9.png\" width=\"25\" height=\"25\" \/><\/a><\/li>\n<li><a href=\"https:\/\/bw-hh.de\/wp-content\/uploads\/2025\/11\/Abrechnung-Projekt-ab-300-Euro.xls\"> Projekt ab 300 Euro\u00a0 \u00a0 <img decoding=\"async\" class=\"\" src=\"https:\/\/bw-hh.de\/wp-content\/uploads\/2023\/08\/D2B478CE-C61D-4FAC-8090-BD44658F01E9.png\" width=\"25\" height=\"25\" \/><\/a><\/li>\n<li><a href=\"https:\/\/bw-hh.de\/wp-content\/uploads\/2023\/08\/Unterschriftenliste-Bildungswerk-Heinz-Hesdoerffer-e.V.pdf\"> Teilnehmer*innenliste\u00a0 \u00a0 <img decoding=\"async\" class=\"\" src=\"https:\/\/bw-hh.de\/wp-content\/uploads\/2023\/08\/PDF-Symbol.png\" width=\"25\" height=\"25\" \/><\/a><\/li>\n<li><a href=\"https:\/\/bw-hh.de\/wp-content\/uploads\/2023\/08\/Unterschriftenliste-Bildungswerk-Heinz-Hesdoerffer-e.V.xlsx\"> Teilnehmer*innenliste <img decoding=\"async\" class=\"\" src=\"https:\/\/bw-hh.de\/wp-content\/uploads\/2023\/08\/D2B478CE-C61D-4FAC-8090-BD44658F01E9.png\" width=\"25\" height=\"25\" \/> zur Bearbeitung am PC<\/a><\/li>\n<\/ul>\n<\/div><\/div><\/div><\/div><\/div>\n","protected":false},"excerpt":{"rendered":"","protected":false},"author":1,"featured_media":0,"parent":0,"menu_order":0,"comment_status":"closed","ping_status":"closed","template":"100-width.php","meta":{"footnotes":""},"class_list":["post-494","page","type-page","status-publish","hentry"],"_links":{"self":[{"href":"https:\/\/bw-hh.de\/index.php?rest_route=\/wp\/v2\/pages\/494","targetHints":{"allow":["GET"]}}],"collection":[{"href":"https:\/\/bw-hh.de\/index.php?rest_route=\/wp\/v2\/pages"}],"about":[{"href":"https:\/\/bw-hh.de\/index.php?rest_route=\/wp\/v2\/types\/page"}],"author":[{"embeddable":true,"href":"https:\/\/bw-hh.de\/index.php?rest_route=\/wp\/v2\/users\/1"}],"replies":[{"embeddable":true,"href":"https:\/\/bw-hh.de\/index.php?rest_route=%2Fwp%2Fv2%2Fcomments&post=494"}],"version-history":[{"count":16,"href":"https:\/\/bw-hh.de\/index.php?rest_route=\/wp\/v2\/pages\/494\/revisions"}],"predecessor-version":[{"id":1206,"href":"https:\/\/bw-hh.de\/index.php?rest_route=\/wp\/v2\/pages\/494\/revisions\/1206"}],"wp:attachment":[{"href":"https:\/\/bw-hh.de\/index.php?rest_route=%2Fwp%2Fv2%2Fmedia&parent=494"}],"curies":[{"name":"wp","href":"https:\/\/api.w.org\/{rel}","templated":true}]}}