{"id":832,"date":"2023-11-05T16:36:00","date_gmt":"2023-11-05T16:36:00","guid":{"rendered":"https:\/\/bw-hh.de\/?page_id=832"},"modified":"2025-02-06T08:10:08","modified_gmt":"2025-02-06T08:10:08","slug":"schritte-ins-ungewisse","status":"publish","type":"page","link":"https:\/\/bw-hh.de\/?page_id=832","title":{"rendered":"Schritte ins Ungewisse"},"content":{"rendered":"<div class=\"fusion-fullwidth fullwidth-box fusion-builder-row-1 fusion-flex-container nonhundred-percent-fullwidth non-hundred-percent-height-scrolling\" style=\"--awb-border-radius-top-left:0px;--awb-border-radius-top-right:0px;--awb-border-radius-bottom-right:0px;--awb-border-radius-bottom-left:0px;--awb-flex-wrap:wrap;\" ><div class=\"fusion-builder-row fusion-row fusion-flex-align-items-flex-start fusion-flex-content-wrap\" style=\"max-width:1248px;margin-left: calc(-4% \/ 2 );margin-right: calc(-4% \/ 2 );\"><div class=\"fusion-layout-column fusion_builder_column fusion-builder-column-0 fusion_builder_column_1_1 1_1 fusion-flex-column\" style=\"--awb-bg-size:cover;--awb-width-large:100%;--awb-margin-top-large:0px;--awb-spacing-right-large:1.92%;--awb-margin-bottom-large:0px;--awb-spacing-left-large:1.92%;--awb-width-medium:100%;--awb-spacing-right-medium:1.92%;--awb-spacing-left-medium:1.92%;--awb-width-small:100%;--awb-spacing-right-small:1.92%;--awb-spacing-left-small:1.92%;\"><div class=\"fusion-column-wrapper fusion-flex-justify-content-flex-start fusion-content-layout-column\"><div class=\"fusion-separator fusion-full-width-sep\" style=\"align-self: center;margin-left: auto;margin-right: auto;margin-top:100px;width:100%;\"><div class=\"fusion-separator-border sep-double\" style=\"--awb-height:20px;--awb-amount:20px;border-color:var(--awb-color3);border-top-width:1px;border-bottom-width:1px;\"><\/div><\/div><div class=\"fusion-text fusion-text-1\"><p>Den <a href=\"https:\/\/vimeo.com\/1020964425\">Film<\/a> Schritte ins Ungewisse ist <a href=\"https:\/\/vimeo.com\/1020964425\">hier<\/a> verlinkt.<br \/>\nEr ist in besserer Qualit\u00e4t \u00fcber das Bildungswerk erh\u00e4ltlich.<\/p>\n<p><a href=\"http:\/\/download.bw-hh.de\/Heinz.mp4\"><img decoding=\"async\" class=\"alignnone wp-image-759\" src=\"https:\/\/bw-hh.de\/wp-content\/uploads\/2023\/10\/DVD-Huelle-Film.jpg\" alt=\"\" width=\"229\" height=\"324\" srcset=\"https:\/\/bw-hh.de\/wp-content\/uploads\/2023\/10\/DVD-Huelle-Film-200x283.jpg 200w, https:\/\/bw-hh.de\/wp-content\/uploads\/2023\/10\/DVD-Huelle-Film-212x300.jpg 212w, https:\/\/bw-hh.de\/wp-content\/uploads\/2023\/10\/DVD-Huelle-Film-400x567.jpg 400w, https:\/\/bw-hh.de\/wp-content\/uploads\/2023\/10\/DVD-Huelle-Film-600x850.jpg 600w, https:\/\/bw-hh.de\/wp-content\/uploads\/2023\/10\/DVD-Huelle-Film-723x1024.jpg 723w, https:\/\/bw-hh.de\/wp-content\/uploads\/2023\/10\/DVD-Huelle-Film.jpg 763w\" sizes=\"(max-width: 229px) 100vw, 229px\" \/><\/a>.<\/p>\n<\/div><\/div><\/div><\/div><\/div>\n","protected":false},"excerpt":{"rendered":"","protected":false},"author":1,"featured_media":0,"parent":258,"menu_order":0,"comment_status":"closed","ping_status":"closed","template":"100-width.php","meta":{"footnotes":""},"class_list":["post-832","page","type-page","status-publish","hentry"],"_links":{"self":[{"href":"https:\/\/bw-hh.de\/index.php?rest_route=\/wp\/v2\/pages\/832","targetHints":{"allow":["GET"]}}],"collection":[{"href":"https:\/\/bw-hh.de\/index.php?rest_route=\/wp\/v2\/pages"}],"about":[{"href":"https:\/\/bw-hh.de\/index.php?rest_route=\/wp\/v2\/types\/page"}],"author":[{"embeddable":true,"href":"https:\/\/bw-hh.de\/index.php?rest_route=\/wp\/v2\/users\/1"}],"replies":[{"embeddable":true,"href":"https:\/\/bw-hh.de\/index.php?rest_route=%2Fwp%2Fv2%2Fcomments&post=832"}],"version-history":[{"count":16,"href":"https:\/\/bw-hh.de\/index.php?rest_route=\/wp\/v2\/pages\/832\/revisions"}],"predecessor-version":[{"id":982,"href":"https:\/\/bw-hh.de\/index.php?rest_route=\/wp\/v2\/pages\/832\/revisions\/982"}],"up":[{"embeddable":true,"href":"https:\/\/bw-hh.de\/index.php?rest_route=\/wp\/v2\/pages\/258"}],"wp:attachment":[{"href":"https:\/\/bw-hh.de\/index.php?rest_route=%2Fwp%2Fv2%2Fmedia&parent=832"}],"curies":[{"name":"wp","href":"https:\/\/api.w.org\/{rel}","templated":true}]}}